{"id":67,"date":"2024-02-14T09:16:14","date_gmt":"2024-02-14T09:16:14","guid":{"rendered":"http:\/\/www.conejero.org\/?page_id=67"},"modified":"2024-03-04T16:40:02","modified_gmt":"2024-03-04T16:40:02","slug":"campus","status":"publish","type":"page","link":"http:\/\/www.conejero.org\/index.php\/campus\/","title":{"rendered":"CAMPUS"},"content":{"rendered":"\t\t<div data-elementor-type=\"wp-page\" data-elementor-id=\"67\" class=\"elementor elementor-67\" data-elementor-post-type=\"page\">\n\t\t\t\t<div class=\"elementor-element elementor-element-4a2f4d3 e-flex e-con-boxed e-con e-parent\" data-id=\"4a2f4d3\" data-element_type=\"container\" data-settings=\"{&quot;content_width&quot;:&quot;boxed&quot;}\" data-core-v316-plus=\"true\">\n\t\t\t\t\t<div class=\"e-con-inner\">\n\t\t<div class=\"elementor-element elementor-element-6086658 e-con-full e-flex e-con e-child\" data-id=\"6086658\" data-element_type=\"container\" data-settings=\"{&quot;content_width&quot;:&quot;full&quot;}\">\n\t\t\t\t<div class=\"elementor-element elementor-element-4ad273f elementor-widget elementor-widget-image\" data-id=\"4ad273f\" data-element_type=\"widget\" data-widget_type=\"image.default\">\n\t\t\t\t<div class=\"elementor-widget-container\">\n\t\t\t<style>\/*! elementor - v3.19.0 - 28-02-2024 *\/\n.elementor-widget-image{text-align:center}.elementor-widget-image a{display:inline-block}.elementor-widget-image a img[src$=\".svg\"]{width:48px}.elementor-widget-image img{vertical-align:middle;display:inline-block}<\/style>\t\t\t\t\t\t\t\t\t\t<img fetchpriority=\"high\" decoding=\"async\" width=\"800\" height=\"803\" src=\"http:\/\/www.conejero.org\/wp-content\/uploads\/2024\/03\/CAMPUS-1020x1024.jpg\" class=\"attachment-large size-large wp-image-280\" alt=\"\" srcset=\"http:\/\/www.conejero.org\/wp-content\/uploads\/2024\/03\/CAMPUS-1020x1024.jpg 1020w, http:\/\/www.conejero.org\/wp-content\/uploads\/2024\/03\/CAMPUS-300x300.jpg 300w, http:\/\/www.conejero.org\/wp-content\/uploads\/2024\/03\/CAMPUS-150x150.jpg 150w, http:\/\/www.conejero.org\/wp-content\/uploads\/2024\/03\/CAMPUS-768x771.jpg 768w, http:\/\/www.conejero.org\/wp-content\/uploads\/2024\/03\/CAMPUS.jpg 1080w\" sizes=\"(max-width: 800px) 100vw, 800px\" \/>\t\t\t\t\t\t\t\t\t\t\t\t\t<\/div>\n\t\t\t\t<\/div>\n\t\t\t\t<\/div>\n\t\t<div class=\"elementor-element elementor-element-a8661f0 e-con-full e-flex e-con e-child\" data-id=\"a8661f0\" data-element_type=\"container\" data-settings=\"{&quot;content_width&quot;:&quot;full&quot;}\">\n\t\t\t\t<div class=\"elementor-element elementor-element-747dbc4 elementor-widget elementor-widget-heading\" data-id=\"747dbc4\" data-element_type=\"widget\" data-widget_type=\"heading.default\">\n\t\t\t\t<div class=\"elementor-widget-container\">\n\t\t\t<style>\/*! elementor - v3.19.0 - 28-02-2024 *\/\n.elementor-heading-title{padding:0;margin:0;line-height:1}.elementor-widget-heading .elementor-heading-title[class*=elementor-size-]>a{color:inherit;font-size:inherit;line-height:inherit}.elementor-widget-heading .elementor-heading-title.elementor-size-small{font-size:15px}.elementor-widget-heading .elementor-heading-title.elementor-size-medium{font-size:19px}.elementor-widget-heading .elementor-heading-title.elementor-size-large{font-size:29px}.elementor-widget-heading .elementor-heading-title.elementor-size-xl{font-size:39px}.elementor-widget-heading .elementor-heading-title.elementor-size-xxl{font-size:59px}<\/style><h2 class=\"elementor-heading-title elementor-size-default\">Campus de Baloncesto<br>Fundaci\u00f3n Mart\u00ednez Hermanos <\/h2>\t\t<\/div>\n\t\t\t\t<\/div>\n\t\t\t\t<div class=\"elementor-element elementor-element-223d741 elementor-widget elementor-widget-text-editor\" data-id=\"223d741\" data-element_type=\"widget\" data-widget_type=\"text-editor.default\">\n\t\t\t\t<div class=\"elementor-widget-container\">\n\t\t\t<style>\/*! elementor - v3.19.0 - 28-02-2024 *\/\n.elementor-widget-text-editor.elementor-drop-cap-view-stacked .elementor-drop-cap{background-color:#69727d;color:#fff}.elementor-widget-text-editor.elementor-drop-cap-view-framed .elementor-drop-cap{color:#69727d;border:3px solid;background-color:transparent}.elementor-widget-text-editor:not(.elementor-drop-cap-view-default) .elementor-drop-cap{margin-top:8px}.elementor-widget-text-editor:not(.elementor-drop-cap-view-default) .elementor-drop-cap-letter{width:1em;height:1em}.elementor-widget-text-editor .elementor-drop-cap{float:left;text-align:center;line-height:1;font-size:50px}.elementor-widget-text-editor .elementor-drop-cap-letter{display:inline-block}<\/style>\t\t\t\t<p>El Club de Baloncesto Conejero organiza cada verano, junto a la Fundaci\u00f3n Mart\u00ednez Hermanos, un Campus de Baloncesto en Guinea Ecuatorial.<br \/><br \/>Un evento anual en Bata y Malabo que este 2024 cumplir\u00e1 su d\u00e9cima edici\u00f3n y que ofrece a los j\u00f3venes ecuatoguineanos una experiencia \u00fanica.<\/p><p>Entrenamientos intensivos, competiciones emocionantes y la oportunidad de aprender de destacados entrenadores, as\u00ed como numerosas acciones solidarias que llevamos a cabo paralelamente, para fomentar el deporte en nuestro pa\u00eds hermano.<\/p>\t\t\t\t\t\t<\/div>\n\t\t\t\t<\/div>\n\t\t\t\t<\/div>\n\t\t\t\t\t<\/div>\n\t\t\t\t<\/div>\n\t\t\t\t<\/div>\n\t\t","protected":false},"excerpt":{"rendered":"<p>Cada a\u00f1o el CB Conejero organiza en Bata y Malabo (Guinea Ecuatorial) el Campus de Baloncesto Fundaci\u00f3n Mart\u00ednez Hermanos.<\/p>\n","protected":false},"author":4,"featured_media":0,"parent":0,"menu_order":0,"comment_status":"closed","ping_status":"closed","template":"","meta":{"footnotes":""},"class_list":["post-67","page","type-page","status-publish","hentry"],"_links":{"self":[{"href":"http:\/\/www.conejero.org\/index.php\/wp-json\/wp\/v2\/pages\/67","targetHints":{"allow":["GET"]}}],"collection":[{"href":"http:\/\/www.conejero.org\/index.php\/wp-json\/wp\/v2\/pages"}],"about":[{"href":"http:\/\/www.conejero.org\/index.php\/wp-json\/wp\/v2\/types\/page"}],"author":[{"embeddable":true,"href":"http:\/\/www.conejero.org\/index.php\/wp-json\/wp\/v2\/users\/4"}],"replies":[{"embeddable":true,"href":"http:\/\/www.conejero.org\/index.php\/wp-json\/wp\/v2\/comments?post=67"}],"version-history":[{"count":7,"href":"http:\/\/www.conejero.org\/index.php\/wp-json\/wp\/v2\/pages\/67\/revisions"}],"predecessor-version":[{"id":283,"href":"http:\/\/www.conejero.org\/index.php\/wp-json\/wp\/v2\/pages\/67\/revisions\/283"}],"wp:attachment":[{"href":"http:\/\/www.conejero.org\/index.php\/wp-json\/wp\/v2\/media?parent=67"}],"curies":[{"name":"wp","href":"https:\/\/api.w.org\/{rel}","templated":true}]}}